{"id":15008,"date":"2023-03-20T10:09:58","date_gmt":"2023-03-20T10:09:58","guid":{"rendered":"http:\/\/localhost\/test-import\/?page_id=15008"},"modified":"2026-03-21T21:28:50","modified_gmt":"2026-03-21T21:28:50","slug":"home-31","status":"publish","type":"page","link":"https:\/\/spacar.pt\/","title":{"rendered":"Home 31"},"content":{"rendered":"\t\t<div data-elementor-type=\"wp-page\" data-elementor-id=\"15008\" class=\"elementor elementor-15008\">\n\t\t\t\t\t\t\t\t\t<section class=\"elementor-section elementor-top-section elementor-element elementor-element-72d71a24 elementor-section-full_width elementor-section-height-default elementor-section-height-default\" data-id=\"72d71a24\" data-element_type=\"section\" data-settings=\"{&quot;background_background&quot;:&quot;classic&quot;}\">\n\t\t\t\t\t\t\t<div class=\"elementor-background-overlay\"><\/div>\n\t\t\t\t\t\t\t<div class=\"elementor-container elementor-column-gap-no\">\n\t\t\t\t\t<div class=\"elementor-column elementor-col-100 elementor-top-column elementor-element elementor-element-6cd825b2\" data-id=\"6cd825b2\" data-element_type=\"column\">\n\t\t\t<div class=\"elementor-widget-wrap elementor-element-populated\">\n\t\t\t\t\t\t\t\t<section class=\"elementor-section elementor-inner-section elementor-element elementor-element-6897145f elementor-section-boxed elementor-section-height-default elementor-section-height-default\" data-id=\"6897145f\" data-element_type=\"section\">\n\t\t\t\t\t\t<div class=\"elementor-container elementor-column-gap-default\">\n\t\t\t\t\t<div class=\"elementor-column elementor-col-100 elementor-inner-column elementor-element elementor-element-7ea5ab8a\" data-id=\"7ea5ab8a\" data-element_type=\"column\">\n\t\t\t<div class=\"elementor-widget-wrap elementor-element-populated\">\n\t\t\t\t\t\t\t\t<div class=\"elementor-element elementor-element-1853ff31 elementor-widget elementor-widget-html\" data-id=\"1853ff31\" data-element_type=\"widget\" data-widget_type=\"html.default\">\n\t\t\t\t<div class=\"elementor-widget-container\">\n\t\t\t<style>\n    svg{\n        vertical-align: middle;\n    }\n    em {\n        font-family: \"IBM Plex Serif\", serif;\n    }\n    .underline-3.style-1:after, \n    .underline-3.style-1:before {\n        content: \"\";\n        z-index: -1;\n        border: 3px solid #3f78e0;\n        position: absolute;\n        left: 50%;\n        top: 52%;\n        opacity: 1;\n        border-radius: 80%;\n    }\n    .underline-3.style-1:before {\n        transform: translate(-50%,-50%) rotate(-1deg);\n        border-top-width: 0;\n        width: 111%;\n        height: 110%;\n    }\n    .underline-3.style-1:after {\n        transform: translate(-50%,-50%) rotate(-2deg);\n        border-left-width: 0;\n        border-bottom-width: 0;\n        width: 107%;\n        height: 111%;\n    }\n    .underline-3.style-1.primary:after, \n    .underline-3.style-1.primary:before {\n        border-color: #3f78e0;\n    }\n    .text-soft-primary {\n        color: #edf2fc!important;\n    }\n    .fs-64 .elementor-heading-title{\n        font-size: calc(1.445rem + 2.34vw)!important;\n    }\n    .icon-primary .fill-secondary{\n        fill: #3f78e0;\n    }\n    .icon-green .fill-secondary{\n        fill: #45c4a0;\n    }\n    .icon-fuchsia  .fill-secondary{\n        fill: #e668b3;\n    }\n    .box-shadow-none .ot-testimonial-wrap{\n        box-shadow: none;\n    }\n    .counter-lg .ot-counter__number{\n        font-size: calc(1.35rem + 1.2vw);\n    }\n    @media (min-width: 1200px){\n        .fs-64 .elementor-heading-title{\n            font-size: 3.2rem!important;\n        }\n        .counter-lg .ot-counter__number{\n            font-size: 2.25rem;\n        }\n    }\n    @media (max-width: 1399.98px) {\n      .underline-3.style-1:before,\n      .underline-3.style-1:after {\n        display: none;\n      }\n      .elementor-166 .elementor-element.elementor-element-804eb2a:not(.elementor-motion-effects-element-type-background), .elementor-166 .elementor-element.elementor-element-804eb2a > .elementor-motion-effects-container > .elementor-motion-effects-layer {\n    background-color: #000000 !important;\n}\n    }\n    \n<\/style>\t\t<\/div>\n\t\t\t\t<\/div>\n\t\t\t\t<div class=\"elementor-element elementor-element-2fdf50f display-1 fs-64 elementor-widget elementor-widget-heading\" data-id=\"2fdf50f\" data-element_type=\"widget\" data-widget_type=\"heading.default\">\n\t\t\t\t<div class=\"elementor-widget-container\">\n\t\t\t<style>\/*! elementor - v3.11.5 - 14-03-2023 *\/\n.elementor-heading-title{padding:0;margin:0;line-height:1}.elementor-widget-heading .elementor-heading-title[class*=elementor-size-]>a{color:inherit;font-size:inherit;line-height:inherit}.elementor-widget-heading .elementor-heading-title.elementor-size-small{font-size:15px}.elementor-widget-heading .elementor-heading-title.elementor-size-medium{font-size:19px}.elementor-widget-heading .elementor-heading-title.elementor-size-large{font-size:29px}.elementor-widget-heading .elementor-heading-title.elementor-size-xl{font-size:39px}.elementor-widget-heading .elementor-heading-title.elementor-size-xxl{font-size:59px}<\/style><h1 class=\"elementor-heading-title elementor-size-default\">Servi\u00e7o de lavagem, aspira\u00e7\u00e3o, limpeza de estofos  e higieniza\u00e7\u00e3o do seu ve\u00edculo<\/h1>\t\t<\/div>\n\t\t\t\t<\/div>\n\t\t\t\t<div class=\"elementor-element elementor-element-7701e85d elementor-align-center elementor-widget elementor-widget-ot-btn\" data-id=\"7701e85d\" data-element_type=\"widget\" data-widget_type=\"ot-btn.default\">\n\t\t\t\t<div class=\"elementor-widget-container\">\n\t\t\t\t\t<div class=\"ot-button-wrapper\">\r\n\t\t\t<a href=\"tel:+351932664700\" class=\"octf-btn\">\r\n\t\t\t\tFa\u00e7a a sua marca\u00e7\u00e3o\t\t\t\t\t\t\t<\/a>\r\n\t    <\/div>\r\n\t    \t\t<\/div>\n\t\t\t\t<\/div>\n\t\t\t\t\t<\/div>\n\t\t<\/div>\n\t\t\t\t\t\t\t<\/div>\n\t\t<\/section>\n\t\t\t\t\t<\/div>\n\t\t<\/div>\n\t\t\t\t\t\t\t<\/div>\n\t\t<\/section>\n\t\t\t\t<section class=\"elementor-section elementor-top-section elementor-element elementor-element-215ba1a1 elementor-section-boxed elementor-section-height-default elementor-section-height-default\" data-id=\"215ba1a1\" data-element_type=\"section\" data-settings=\"{&quot;background_background&quot;:&quot;gradient&quot;}\">\n\t\t\t\t\t\t<div class=\"elementor-container elementor-column-gap-no\">\n\t\t\t\t\t<div class=\"elementor-column elementor-col-100 elementor-top-column elementor-element elementor-element-72c3423c\" data-id=\"72c3423c\" data-element_type=\"column\">\n\t\t\t<div class=\"elementor-widget-wrap elementor-element-populated\">\n\t\t\t\t\t\t\t\t<section class=\"elementor-section elementor-inner-section elementor-element elementor-element-2fa43b7b elementor-section-boxed elementor-section-height-default elementor-section-height-default\" data-id=\"2fa43b7b\" data-element_type=\"section\">\n\t\t\t\t\t\t<div class=\"elementor-container elementor-column-gap-default\">\n\t\t\t\t\t<div class=\"elementor-column elementor-col-100 elementor-inner-column elementor-element elementor-element-14ab25e6\" data-id=\"14ab25e6\" data-element_type=\"column\">\n\t\t\t<div class=\"elementor-widget-wrap elementor-element-populated\">\n\t\t\t\t\t\t\t\t<div class=\"elementor-element elementor-element-7dfdb390 elementor-widget elementor-widget-heading\" data-id=\"7dfdb390\" data-element_type=\"widget\" data-widget_type=\"heading.default\">\n\t\t\t\t<div class=\"elementor-widget-container\">\n\t\t\t<h2 class=\"elementor-heading-title elementor-size-default\">OS NOSSOS SERVI\u00c7OS<\/h2>\t\t<\/div>\n\t\t\t\t<\/div>\n\t\t\t\t<div class=\"elementor-element elementor-element-7b33cc9f display-2 elementor-widget elementor-widget-heading\" data-id=\"7b33cc9f\" data-element_type=\"widget\" data-widget_type=\"heading.default\">\n\t\t\t\t<div class=\"elementor-widget-container\">\n\t\t\t<h2 class=\"elementor-heading-title elementor-size-default\">Os nossos servi\u00e7os est\u00e3o ajustados ao seu ve\u00edculo.<\/h2>\t\t<\/div>\n\t\t\t\t<\/div>\n\t\t\t\t\t<\/div>\n\t\t<\/div>\n\t\t\t\t\t\t\t<\/div>\n\t\t<\/section>\n\t\t\t\t<section class=\"elementor-section elementor-inner-section elementor-element elementor-element-6dac2d87 elementor-section-content-middle elementor-section-boxed elementor-section-height-default elementor-section-height-default\" data-id=\"6dac2d87\" data-element_type=\"section\">\n\t\t\t\t\t\t<div class=\"elementor-container elementor-column-gap-default\">\n\t\t\t\t\t<div class=\"elementor-column elementor-col-50 elementor-inner-column elementor-element elementor-element-128158e1\" data-id=\"128158e1\" data-element_type=\"column\">\n\t\t\t<div class=\"elementor-widget-wrap elementor-element-populated\">\n\t\t\t\t\t\t\t\t<div class=\"elementor-element elementor-element-24d7cdb3 elementor-widget elementor-widget-image\" data-id=\"24d7cdb3\" data-element_type=\"widget\" data-widget_type=\"image.default\">\n\t\t\t\t<div class=\"elementor-widget-container\">\n\t\t\t<style>\/*! elementor - v3.11.5 - 14-03-2023 *\/\n.elementor-widget-image{text-align:center}.elementor-widget-image a{display:inline-block}.elementor-widget-image a img[src$=\".svg\"]{width:48px}.elementor-widget-image img{vertical-align:middle;display:inline-block}<\/style>\t\t\t\t\t\t\t\t\t\t\t\t<img decoding=\"async\" width=\"1200\" height=\"800\" src=\"https:\/\/spacar.pt\/wp-content\/uploads\/2023\/03\/lavagem.jpeg\" class=\"attachment-full size-full wp-image-15045\" alt=\"\" loading=\"lazy\" srcset=\"https:\/\/spacar.pt\/wp-content\/uploads\/2023\/03\/lavagem.jpeg 1200w, https:\/\/spacar.pt\/wp-content\/uploads\/2023\/03\/lavagem-300x200.jpeg 300w, https:\/\/spacar.pt\/wp-content\/uploads\/2023\/03\/lavagem-1024x683.jpeg 1024w, https:\/\/spacar.pt\/wp-content\/uploads\/2023\/03\/lavagem-768x512.jpeg 768w\" sizes=\"(max-width: 1200px) 100vw, 1200px\" \/>\t\t\t\t\t\t\t\t\t\t\t\t\t\t\t<\/div>\n\t\t\t\t<\/div>\n\t\t\t\t\t<\/div>\n\t\t<\/div>\n\t\t\t\t<div class=\"elementor-column elementor-col-50 elementor-inner-column elementor-element elementor-element-11df3c22\" data-id=\"11df3c22\" data-element_type=\"column\">\n\t\t\t<div class=\"elementor-widget-wrap elementor-element-populated\">\n\t\t\t\t\t\t\t\t<div class=\"elementor-element elementor-element-16c3c4eb elementor-view-stacked icon-primary elementor-shape-circle elementor-widget elementor-widget-icon\" data-id=\"16c3c4eb\" data-element_type=\"widget\" data-widget_type=\"icon.default\">\n\t\t\t\t<div class=\"elementor-widget-container\">\n\t\t\t\t\t<div class=\"elementor-icon-wrapper\">\n\t\t\t<div class=\"elementor-icon\">\n\t\t\t<i aria-hidden=\"true\" class=\" uil-car-wash\"><\/i>\t\t\t<\/div>\n\t\t<\/div>\n\t\t\t\t<\/div>\n\t\t\t\t<\/div>\n\t\t\t\t<div class=\"elementor-element elementor-element-5738dd02 elementor-widget elementor-widget-heading\" data-id=\"5738dd02\" data-element_type=\"widget\" data-widget_type=\"heading.default\">\n\t\t\t\t<div class=\"elementor-widget-container\">\n\t\t\t<h3 class=\"elementor-heading-title elementor-size-default\">Lavagem<\/h3>\t\t<\/div>\n\t\t\t\t<\/div>\n\t\t\t\t<div class=\"elementor-element elementor-element-56cc25fe elementor-widget elementor-widget-text-editor\" data-id=\"56cc25fe\" data-element_type=\"widget\" data-widget_type=\"text-editor.default\">\n\t\t\t\t<div class=\"elementor-widget-container\">\n\t\t\t<style>\/*! elementor - v3.11.5 - 14-03-2023 *\/\n.elementor-widget-text-editor.elementor-drop-cap-view-stacked .elementor-drop-cap{background-color:#818a91;color:#fff}.elementor-widget-text-editor.elementor-drop-cap-view-framed .elementor-drop-cap{color:#818a91;border:3px solid;background-color:transparent}.elementor-widget-text-editor:not(.elementor-drop-cap-view-default) .elementor-drop-cap{margin-top:8px}.elementor-widget-text-editor:not(.elementor-drop-cap-view-default) .elementor-drop-cap-letter{width:1em;height:1em}.elementor-widget-text-editor .elementor-drop-cap{float:left;text-align:center;line-height:1;font-size:50px}.elementor-widget-text-editor .elementor-drop-cap-letter{display:inline-block}<\/style>\t\t\t\t<p>Temos \u00e0 sua disposi\u00e7\u00e3o uma lavagem completa ou lavagem de exterior.<\/p>\t\t\t\t\t\t<\/div>\n\t\t\t\t<\/div>\n\t\t\t\t\t<\/div>\n\t\t<\/div>\n\t\t\t\t\t\t\t<\/div>\n\t\t<\/section>\n\t\t\t\t<section class=\"elementor-section elementor-inner-section elementor-element elementor-element-75058c2 elementor-section-content-middle elementor-reverse-tablet elementor-reverse-mobile elementor-section-boxed elementor-section-height-default elementor-section-height-default\" data-id=\"75058c2\" data-element_type=\"section\">\n\t\t\t\t\t\t<div class=\"elementor-container elementor-column-gap-default\">\n\t\t\t\t\t<div class=\"elementor-column elementor-col-50 elementor-inner-column elementor-element elementor-element-6d4b2321\" data-id=\"6d4b2321\" data-element_type=\"column\">\n\t\t\t<div class=\"elementor-widget-wrap elementor-element-populated\">\n\t\t\t\t\t\t\t\t<div class=\"elementor-element elementor-element-37f13232 elementor-view-stacked icon-green elementor-shape-circle elementor-widget elementor-widget-icon\" data-id=\"37f13232\" data-element_type=\"widget\" data-widget_type=\"icon.default\">\n\t\t\t\t<div class=\"elementor-widget-container\">\n\t\t\t\t\t<div class=\"elementor-icon-wrapper\">\n\t\t\t<div class=\"elementor-icon\">\n\t\t\t<i aria-hidden=\"true\" class=\"fas fa-hands-wash\"><\/i>\t\t\t<\/div>\n\t\t<\/div>\n\t\t\t\t<\/div>\n\t\t\t\t<\/div>\n\t\t\t\t<div class=\"elementor-element elementor-element-68f521b8 elementor-widget elementor-widget-heading\" data-id=\"68f521b8\" data-element_type=\"widget\" data-widget_type=\"heading.default\">\n\t\t\t\t<div class=\"elementor-widget-container\">\n\t\t\t<h3 class=\"elementor-heading-title elementor-size-default\">Limpeza do interior<\/h3>\t\t<\/div>\n\t\t\t\t<\/div>\n\t\t\t\t<div class=\"elementor-element elementor-element-302ab4b8 elementor-widget elementor-widget-text-editor\" data-id=\"302ab4b8\" data-element_type=\"widget\" data-widget_type=\"text-editor.default\">\n\t\t\t\t<div class=\"elementor-widget-container\">\n\t\t\t\t\t\t\t<p>Aspira\u00e7\u00e3o, limpeza dos tapetes, limpeza dos vidros e p\u00f3.\u00a0<\/p>\t\t\t\t\t\t<\/div>\n\t\t\t\t<\/div>\n\t\t\t\t\t<\/div>\n\t\t<\/div>\n\t\t\t\t<div class=\"elementor-column elementor-col-50 elementor-inner-column elementor-element elementor-element-359a8c4e\" data-id=\"359a8c4e\" data-element_type=\"column\">\n\t\t\t<div class=\"elementor-widget-wrap elementor-element-populated\">\n\t\t\t\t\t\t\t\t<div class=\"elementor-element elementor-element-52b963a8 elementor-widget elementor-widget-image\" data-id=\"52b963a8\" data-element_type=\"widget\" data-widget_type=\"image.default\">\n\t\t\t\t<div class=\"elementor-widget-container\">\n\t\t\t\t\t\t\t\t\t\t\t\t\t\t\t<img decoding=\"async\" width=\"2560\" height=\"1707\" src=\"https:\/\/spacar.pt\/wp-content\/uploads\/2023\/03\/aspiracao-scaled.jpeg\" class=\"attachment-full size-full wp-image-15047\" alt=\"\" loading=\"lazy\" srcset=\"https:\/\/spacar.pt\/wp-content\/uploads\/2023\/03\/aspiracao-scaled.jpeg 2560w, https:\/\/spacar.pt\/wp-content\/uploads\/2023\/03\/aspiracao-300x200.jpeg 300w, https:\/\/spacar.pt\/wp-content\/uploads\/2023\/03\/aspiracao-1024x683.jpeg 1024w, https:\/\/spacar.pt\/wp-content\/uploads\/2023\/03\/aspiracao-768x512.jpeg 768w, https:\/\/spacar.pt\/wp-content\/uploads\/2023\/03\/aspiracao-1536x1024.jpeg 1536w, https:\/\/spacar.pt\/wp-content\/uploads\/2023\/03\/aspiracao-2048x1365.jpeg 2048w\" sizes=\"(max-width: 2560px) 100vw, 2560px\" \/>\t\t\t\t\t\t\t\t\t\t\t\t\t\t\t<\/div>\n\t\t\t\t<\/div>\n\t\t\t\t\t<\/div>\n\t\t<\/div>\n\t\t\t\t\t\t\t<\/div>\n\t\t<\/section>\n\t\t\t\t<section class=\"elementor-section elementor-inner-section elementor-element elementor-element-48120d71 elementor-section-content-middle elementor-section-boxed elementor-section-height-default elementor-section-height-default\" data-id=\"48120d71\" data-element_type=\"section\">\n\t\t\t\t\t\t<div class=\"elementor-container elementor-column-gap-default\">\n\t\t\t\t\t<div class=\"elementor-column elementor-col-50 elementor-inner-column elementor-element elementor-element-2c5b643a\" data-id=\"2c5b643a\" data-element_type=\"column\">\n\t\t\t<div class=\"elementor-widget-wrap elementor-element-populated\">\n\t\t\t\t\t\t\t\t<div class=\"elementor-element elementor-element-45363ba2 elementor-widget elementor-widget-image\" data-id=\"45363ba2\" data-element_type=\"widget\" data-widget_type=\"image.default\">\n\t\t\t\t<div class=\"elementor-widget-container\">\n\t\t\t\t\t\t\t\t\t\t\t\t\t\t\t<img decoding=\"async\" width=\"2560\" height=\"1696\" src=\"https:\/\/spacar.pt\/wp-content\/uploads\/2023\/03\/estofos-1-scaled.jpeg\" class=\"attachment-full size-full wp-image-15048\" alt=\"\" loading=\"lazy\" srcset=\"https:\/\/spacar.pt\/wp-content\/uploads\/2023\/03\/estofos-1-scaled.jpeg 2560w, https:\/\/spacar.pt\/wp-content\/uploads\/2023\/03\/estofos-1-300x199.jpeg 300w, https:\/\/spacar.pt\/wp-content\/uploads\/2023\/03\/estofos-1-1024x678.jpeg 1024w, https:\/\/spacar.pt\/wp-content\/uploads\/2023\/03\/estofos-1-768x509.jpeg 768w, https:\/\/spacar.pt\/wp-content\/uploads\/2023\/03\/estofos-1-1536x1017.jpeg 1536w, https:\/\/spacar.pt\/wp-content\/uploads\/2023\/03\/estofos-1-2048x1356.jpeg 2048w\" sizes=\"(max-width: 2560px) 100vw, 2560px\" \/>\t\t\t\t\t\t\t\t\t\t\t\t\t\t\t<\/div>\n\t\t\t\t<\/div>\n\t\t\t\t\t<\/div>\n\t\t<\/div>\n\t\t\t\t<div class=\"elementor-column elementor-col-50 elementor-inner-column elementor-element elementor-element-e1b1049\" data-id=\"e1b1049\" data-element_type=\"column\">\n\t\t\t<div class=\"elementor-widget-wrap elementor-element-populated\">\n\t\t\t\t\t\t\t\t<div class=\"elementor-element elementor-element-ba0352e elementor-view-stacked icon-fuchsia elementor-shape-circle elementor-widget elementor-widget-icon\" data-id=\"ba0352e\" data-element_type=\"widget\" data-widget_type=\"icon.default\">\n\t\t\t\t<div class=\"elementor-widget-container\">\n\t\t\t\t\t<div class=\"elementor-icon-wrapper\">\n\t\t\t<div class=\"elementor-icon\">\n\t\t\t<svg xmlns=\"http:\/\/www.w3.org\/2000\/svg\" viewBox=\"0 0 256 218.67\"><path class=\"fill-secondary\" d=\"M88 208a48.06 48.06 0 01-48-48 45.85 45.85 0 012.26-14.48 10.66 10.66 0 1120.22 6.75 24.28 24.28 0 00-1.15 7.73 26.65 26.65 0 0052.56 6.22 10.67 10.67 0 0120.77 4.87A47.71 47.71 0 0188 208z\"><\/path><path class=\"fill-primary\" d=\"M248 210.67a8 8 0 01-2.22-.32L5.78 141A8 8 0 010 133.34v-48a8 8 0 015.78-7.68l240-69.32A8 8 0 01256 16v186.7a8 8 0 01-3.2 6.4 8.09 8.09 0 01-4.8 1.57z\"><\/path><path class=\"fill-primary\" d=\"M245.33 218.67A10.67 10.67 0 01234.66 208V10.67a10.67 10.67 0 1121.34 0V208a10.66 10.66 0 01-10.67 10.67zm-234.66-64A10.66 10.66 0 010 144V74.69a10.67 10.67 0 0121.34 0V144a10.67 10.67 0 01-10.67 10.67z\"><\/path><\/svg>\t\t\t<\/div>\n\t\t<\/div>\n\t\t\t\t<\/div>\n\t\t\t\t<\/div>\n\t\t\t\t<div class=\"elementor-element elementor-element-6cb2de36 elementor-widget elementor-widget-heading\" data-id=\"6cb2de36\" data-element_type=\"widget\" data-widget_type=\"heading.default\">\n\t\t\t\t<div class=\"elementor-widget-container\">\n\t\t\t<h3 class=\"elementor-heading-title elementor-size-default\">Limpeza de estofos<\/h3>\t\t<\/div>\n\t\t\t\t<\/div>\n\t\t\t\t<div class=\"elementor-element elementor-element-59667f00 elementor-widget elementor-widget-text-editor\" data-id=\"59667f00\" data-element_type=\"widget\" data-widget_type=\"text-editor.default\">\n\t\t\t\t<div class=\"elementor-widget-container\">\n\t\t\t\t\t\t\t<p>Lavamos os estofos do seu ve\u00edculo.<\/p>\t\t\t\t\t\t<\/div>\n\t\t\t\t<\/div>\n\t\t\t\t\t<\/div>\n\t\t<\/div>\n\t\t\t\t\t\t\t<\/div>\n\t\t<\/section>\n\t\t\t\t\t<\/div>\n\t\t<\/div>\n\t\t\t\t\t\t\t<\/div>\n\t\t<\/section>\n\t\t\t\t<section class=\"elementor-section elementor-top-section elementor-element elementor-element-f93e015 elementor-section-boxed elementor-section-height-default elementor-section-height-default\" data-id=\"f93e015\" data-element_type=\"section\" id=\"planos\" data-settings=\"{&quot;background_background&quot;:&quot;classic&quot;}\">\n\t\t\t\t\t\t<div class=\"elementor-container elementor-column-gap-default\">\n\t\t\t\t\t<div class=\"elementor-column elementor-col-100 elementor-top-column elementor-element elementor-element-21dd91db\" data-id=\"21dd91db\" data-element_type=\"column\">\n\t\t\t<div class=\"elementor-widget-wrap elementor-element-populated\">\n\t\t\t\t\t\t\t\t<div class=\"elementor-element elementor-element-3c7d1b4c display-2 elementor-widget elementor-widget-heading\" data-id=\"3c7d1b4c\" data-element_type=\"widget\" data-widget_type=\"heading.default\">\n\t\t\t\t<div class=\"elementor-widget-container\">\n\t\t\t<h2 class=\"elementor-heading-title elementor-size-default\">Os nossos planos<\/h2>\t\t<\/div>\n\t\t\t\t<\/div>\n\t\t\t\t<div class=\"elementor-element elementor-element-5c90473 elementor-widget elementor-widget-image\" data-id=\"5c90473\" data-element_type=\"widget\" data-widget_type=\"image.default\">\n\t\t\t\t<div class=\"elementor-widget-container\">\n\t\t\t\t\t\t\t\t\t\t\t\t\t\t\t<img decoding=\"async\" width=\"954\" height=\"1024\" src=\"https:\/\/spacar.pt\/wp-content\/uploads\/2026\/03\/tabela-Retail-2025-1908x2048-1-954x1024.png\" class=\"attachment-large size-large wp-image-15147\" alt=\"\" loading=\"lazy\" srcset=\"https:\/\/spacar.pt\/wp-content\/uploads\/2026\/03\/tabela-Retail-2025-1908x2048-1-954x1024.png 954w, https:\/\/spacar.pt\/wp-content\/uploads\/2026\/03\/tabela-Retail-2025-1908x2048-1-279x300.png 279w, https:\/\/spacar.pt\/wp-content\/uploads\/2026\/03\/tabela-Retail-2025-1908x2048-1-768x824.png 768w, https:\/\/spacar.pt\/wp-content\/uploads\/2026\/03\/tabela-Retail-2025-1908x2048-1-1431x1536.png 1431w, https:\/\/spacar.pt\/wp-content\/uploads\/2026\/03\/tabela-Retail-2025-1908x2048-1-1908x2048.png 1908w\" sizes=\"(max-width: 954px) 100vw, 954px\" \/>\t\t\t\t\t\t\t\t\t\t\t\t\t\t\t<\/div>\n\t\t\t\t<\/div>\n\t\t\t\t\t<\/div>\n\t\t<\/div>\n\t\t\t\t\t\t\t<\/div>\n\t\t<\/section>\n\t\t\t\t\t\t\t<\/div>\n\t\t","protected":false},"excerpt":{"rendered":"<p>Servi\u00e7o de lavagem, aspira\u00e7\u00e3o, limpeza de estofos e higieniza\u00e7\u00e3o do seu ve\u00edculo Fa\u00e7a a sua marca\u00e7\u00e3o OS NOSSOS SERVI\u00c7OS Os nossos servi\u00e7os est\u00e3o ajustados ao seu ve\u00edculo. Lavagem Temos \u00e0 sua disposi\u00e7\u00e3o uma lavagem completa ou lavagem de exterior. Limpeza do interior Aspira\u00e7\u00e3o, limpeza dos tapetes, limpeza dos vidros e p\u00f3.\u00a0 Limpeza de estofos Lavamos [&hellip;]<\/p>\n","protected":false},"author":1,"featured_media":0,"parent":0,"menu_order":0,"comment_status":"closed","ping_status":"closed","template":"","meta":[],"_links":{"self":[{"href":"https:\/\/spacar.pt\/index.php?rest_route=\/wp\/v2\/pages\/15008"}],"collection":[{"href":"https:\/\/spacar.pt\/index.php?rest_route=\/wp\/v2\/pages"}],"about":[{"href":"https:\/\/spacar.pt\/index.php?rest_route=\/wp\/v2\/types\/page"}],"author":[{"embeddable":true,"href":"https:\/\/spacar.pt\/index.php?rest_route=\/wp\/v2\/users\/1"}],"replies":[{"embeddable":true,"href":"https:\/\/spacar.pt\/index.php?rest_route=%2Fwp%2Fv2%2Fcomments&post=15008"}],"version-history":[{"count":69,"href":"https:\/\/spacar.pt\/index.php?rest_route=\/wp\/v2\/pages\/15008\/revisions"}],"predecessor-version":[{"id":15150,"href":"https:\/\/spacar.pt\/index.php?rest_route=\/wp\/v2\/pages\/15008\/revisions\/15150"}],"wp:attachment":[{"href":"https:\/\/spacar.pt\/index.php?rest_route=%2Fwp%2Fv2%2Fmedia&parent=15008"}],"curies":[{"name":"wp","href":"https:\/\/api.w.org\/{rel}","templated":true}]}}